{"id":20911,"date":"2022-07-19T14:41:25","date_gmt":"2022-07-19T12:41:25","guid":{"rendered":"https:\/\/www.iphonedisplayshop.de\/blog\/?page_id=20911"},"modified":"2023-07-26T12:57:51","modified_gmt":"2023-07-26T10:57:51","slug":"reklamation","status":"publish","type":"page","link":"https:\/\/www.iphonedisplayshop.de\/blog\/reklamation\/","title":{"rendered":"Reklamation"},"content":{"rendered":"\t\t<div data-elementor-type=\"wp-page\" data-elementor-id=\"20911\" class=\"elementor elementor-20911\" data-elementor-post-type=\"page\">\n\t\t\t\t<div class=\"wd-negative-gap elementor-element elementor-element-aae4215 e-flex e-con-boxed e-con e-parent\" data-id=\"aae4215\" data-element_type=\"container\" data-e-type=\"container\" id=\"idssection\">\n\t\t\t\t\t<div class=\"e-con-inner\">\n\t\t\t\t<div class=\"elementor-element elementor-element-31c6ca0 elementor-widget elementor-widget-wd_text_block\" data-id=\"31c6ca0\" data-element_type=\"widget\" data-e-type=\"widget\" data-widget_type=\"wd_text_block.default\">\n\t\t\t\t<div class=\"elementor-widget-container\">\n\t\t\t\t\t\t\t<div class=\"wd-text-block reset-last-child text-left\">\n\t\t\t\n\t\t\t<p>Leider ist es zu einem Fehler bei der Reparatur deines iPhones gekommen. Es muss erneut zu uns eingesendet werden, damit wir den Fehler schnell und unkompliziert nachbessern k\u00f6nnen.<\/p><p>Hier erh\u00e4ltst du ein <strong>kostenfreies DHL-Paketlabel<\/strong> f\u00fcr den Versand:<\/p>\n\t\t\t\t\t<\/div>\n\t\t\t\t\t\t<\/div>\n\t\t\t\t<\/div>\n\t\t\t\t<div class=\"elementor-element elementor-element-c8be89a elementor-widget elementor-widget-wd_button\" data-id=\"c8be89a\" data-element_type=\"widget\" data-e-type=\"widget\" data-widget_type=\"wd_button.default\">\n\t\t\t\t<div class=\"elementor-widget-container\">\n\t\t\t\t\t\t\t<div class=\"wd-button-wrapper text-left\" >\n\t\t\t<a class=\"btn btn-style-default btn-shape-semi-round btn-size-default btn-color-black btn-icon-pos-right\"  href=\"https:\/\/www.dhl.de\/retoure\/gw\/rpcustomerweb\/OrderEntry.action?hash=d7bb46035a3834d0f6bd3e3d2cc9dddeb73ef743ece7ec95210aa65eb284585f\">\n\t\t\t\t<span class=\"wd-btn-text\" data-elementor-setting-key=\"text\">\n\t\t\t\t\tDHL Paketlabel erstellen\t\t\t\t<\/span>\n\n\t\t\t\t\t\t\t<\/a>\n\t\t<\/div>\n\t\t\t\t\t\t<\/div>\n\t\t\t\t<\/div>\n\t\t\t\t<div class=\"elementor-element elementor-element-85cfac8 elementor-widget elementor-widget-wd_text_block\" data-id=\"85cfac8\" data-element_type=\"widget\" data-e-type=\"widget\" data-widget_type=\"wd_text_block.default\">\n\t\t\t\t<div class=\"elementor-widget-container\">\n\t\t\t\t\t\t\t<div class=\"wd-text-block reset-last-child text-left\">\n\t\t\t\n\t\t\t<p>Wir bearbeiten jede Reklamation mit Priorit\u00e4t, sodass du dein iPhone schnell wieder in den H\u00e4nden h\u00e4ltst.<\/p><p>Bitte beachte folgendes:<\/p><ul><li>Habe Verst\u00e4ndnis, das wir bei einer <strong>nicht gerechtfertigten Reklamation<\/strong> eine Versand- und Bearbeitungsgeb\u00fchr i. H. v. <strong>29,90 \u20ac<\/strong> berechnen.<\/li><li>Sollte bei der ersten Reparatur der <strong>Sperrcode gefehlt<\/strong> haben oder ist das iPhone nicht aktiviert gewesen, sodass wir keine M\u00f6glichkeit hatten, dass Ger\u00e4t zu testen, berechnen wir ebenfalls <strong>29,90 \u20ac<\/strong> f\u00fcr den erneuten Aufwand.<\/li><li>Bevor du uns dein iPhone zur Reklamation einsendest, gehe bitte noch sicher, dass die <strong>aktuellste Software Version<\/strong> auf dem iPhone <strong>installiert<\/strong> ist. In vielen F\u00e4llen ist das Problem dann behoben.<\/li><li>F\u00fchre einen <strong>Soft-Reset<\/strong> durch, bevor du das Ger\u00e4t einsendest. Wie das funktioniert, erf\u00e4hrst du hier: <a href=\"https:\/\/www.iphonedisplayreparatur.com\/ratgeber\/iphone-soft-reset-neustart-erzwingen\/\">iPhone Soft Reset durchf\u00fchren<\/a><\/li><li>Garantieanspr\u00fcche sind ausgeschlossen bei: <br \/>- normalen Verschlei\u00df<br \/>- unsachgem\u00e4\u00dfer Behandlung <br \/>- Gewaltanwendung <br \/>- Glas oder OLED Bruch <br \/>- Reparaturversuch durch Dritte<\/li><\/ul><p>Bitte f\u00fclle das <strong>Reklamationsformular<\/strong> vollst\u00e4ndig aus, sodass wir alle notwendigen Daten haben, um deine Reklamation zeitnah bearbeiten zu k\u00f6nnen.<\/p>\n\t\t\t\t\t<\/div>\n\t\t\t\t\t\t<\/div>\n\t\t\t\t<\/div>\n\t\t\t\t<div class=\"elementor-element elementor-element-427cd59 elementor-widget elementor-widget-wd_button\" data-id=\"427cd59\" data-element_type=\"widget\" data-e-type=\"widget\" data-widget_type=\"wd_button.default\">\n\t\t\t\t<div class=\"elementor-widget-container\">\n\t\t\t\t\t\t\t<div class=\"wd-button-wrapper text-left\" >\n\t\t\t<a class=\"btn btn-style-default btn-shape-semi-round btn-size-default btn-color-black btn-icon-pos-right\"  href=\"https:\/\/www.iphonedisplayshop.de\/blog\/wp-content\/uploads\/2022\/07\/reklamationsformular.pdf\">\n\t\t\t\t<span class=\"wd-btn-text\" data-elementor-setting-key=\"text\">\n\t\t\t\t\tReklamationsformular\t\t\t\t<\/span>\n\n\t\t\t\t\t\t\t<\/a>\n\t\t<\/div>\n\t\t\t\t\t\t<\/div>\n\t\t\t\t<\/div>\n\t\t\t\t<div class=\"elementor-element elementor-element-a813261 elementor-widget elementor-widget-wd_text_block\" data-id=\"a813261\" data-element_type=\"widget\" data-e-type=\"widget\" data-widget_type=\"wd_text_block.default\">\n\t\t\t\t<div class=\"elementor-widget-container\">\n\t\t\t\t\t\t\t<div class=\"wd-text-block reset-last-child text-left\">\n\t\t\t\n\t\t\t<p><strong>Wir geben keine Garantie auf Platinen und Wasserschaden Reparaturen!<\/strong><\/p>\n\t\t\t\t\t<\/div>\n\t\t\t\t\t\t<\/div>\n\t\t\t\t<\/div>\n\t\t\t\t\t<\/div>\n\t\t\t\t<\/div>\n\t\t\t\t<\/div>\n\t\t","protected":false},"excerpt":{"rendered":"<p>Leider ist es zu einem Fehler bei der Reparatur deines iPhones gekommen. Es muss erneut zu uns eingesendet werden, damit<\/p>\n","protected":false},"author":2,"featured_media":0,"parent":0,"menu_order":0,"comment_status":"closed","ping_status":"closed","template":"","meta":{"_acf_changed":false,"_kad_blocks_custom_css":"","_kad_blocks_head_custom_js":"","_kad_blocks_body_custom_js":"","_kad_blocks_footer_custom_js":"","footnotes":""},"class_list":["post-20911","page","type-page","status-publish","hentry"],"acf":[],"featured_image_src_large":false,"author_info":{"display_name":"Florian Schmitz","author_link":"https:\/\/www.iphonedisplayshop.de\/blog\/author\/admin_meb\/"},"comment_info":0,"taxonomy_info":[],"_links":{"self":[{"href":"https:\/\/www.iphonedisplayshop.de\/blog\/wp-json\/wp\/v2\/pages\/20911","targetHints":{"allow":["GET"]}}],"collection":[{"href":"https:\/\/www.iphonedisplayshop.de\/blog\/wp-json\/wp\/v2\/pages"}],"about":[{"href":"https:\/\/www.iphonedisplayshop.de\/blog\/wp-json\/wp\/v2\/types\/page"}],"author":[{"embeddable":true,"href":"https:\/\/www.iphonedisplayshop.de\/blog\/wp-json\/wp\/v2\/users\/2"}],"replies":[{"embeddable":true,"href":"https:\/\/www.iphonedisplayshop.de\/blog\/wp-json\/wp\/v2\/comments?post=20911"}],"version-history":[{"count":31,"href":"https:\/\/www.iphonedisplayshop.de\/blog\/wp-json\/wp\/v2\/pages\/20911\/revisions"}],"predecessor-version":[{"id":25321,"href":"https:\/\/www.iphonedisplayshop.de\/blog\/wp-json\/wp\/v2\/pages\/20911\/revisions\/25321"}],"wp:attachment":[{"href":"https:\/\/www.iphonedisplayshop.de\/blog\/wp-json\/wp\/v2\/media?parent=20911"}],"curies":[{"name":"wp","href":"https:\/\/api.w.org\/{rel}","templated":true}]}}