{"id":20948,"date":"2022-07-20T14:38:17","date_gmt":"2022-07-20T12:38:17","guid":{"rendered":"https:\/\/www.iphonedisplayshop.de\/blog\/?page_id=20948"},"modified":"2022-08-09T15:03:55","modified_gmt":"2022-08-09T13:03:55","slug":"widerruf","status":"publish","type":"page","link":"https:\/\/www.iphonedisplayshop.de\/blog\/widerruf\/","title":{"rendered":"Widerrufsrecht f\u00fcr Verbraucher (Dienstleistungen)"},"content":{"rendered":"\t\t<div data-elementor-type=\"wp-page\" data-elementor-id=\"20948\" class=\"elementor elementor-20948\" data-elementor-post-type=\"page\">\n\t\t\t\t<div class=\"wd-negative-gap elementor-element elementor-element-33c505e e-flex e-con-boxed e-con e-parent\" data-id=\"33c505e\" data-element_type=\"container\" data-e-type=\"container\" id=\"idssection\">\n\t\t\t\t\t<div class=\"e-con-inner\">\n\t\t\t\t<div class=\"elementor-element elementor-element-5f53a51 elementor-widget elementor-widget-wd_text_block\" data-id=\"5f53a51\" data-element_type=\"widget\" data-e-type=\"widget\" data-widget_type=\"wd_text_block.default\">\n\t\t\t\t<div class=\"elementor-widget-container\">\n\t\t\t\t\t\t\t<div class=\"wd-text-block reset-last-child text-left\">\n\t\t\t\n\t\t\t<p>(Verbraucher ist jede nat\u00fcrliche Person, die ein Rechtsgesch\u00e4ft zu Zwecken abschlie\u00dft, die \u00fcberwiegend weder ihrer gewerblichen noch ihrer selbstst\u00e4ndigen beruflichen T\u00e4tigkeit zugerechnet werden k\u00f6nnen.)<br \/><br \/><strong>Widerrufsbelehrung<\/strong><br \/><br \/><strong>Widerrufsrecht<\/strong><br \/>Sie haben das Recht, binnen vierzehn Tagen ohne Angabe von Gr\u00fcnden diesen Vertrag zu widerrufen.<br \/>Die Widerrufsfrist betr\u00e4gt vierzehn Tage ab dem Tag des Vertragsabschlusses.<br \/><br \/>Um Ihr Widerrufsrecht auszu\u00fcben, m\u00fcssen Sie uns (<strong>MEB Internet GmbH &amp; Co. KG, Bornheimer Str. 20-22, 53111 Bonn, Telefonnummer: +49 228 92399644, E-Mail-Adresse: info@iphonedisplayshop.de<\/strong>) mittels einer eindeutigen Erkl\u00e4rung (z.B. ein mit der Post versandter Brief, Telefax oder E-Mail) \u00fcber Ihren Entschluss, diesen Vertrag zu widerrufen, informieren. Sie k\u00f6nnen daf\u00fcr das beigef\u00fcgte Muster-Widerrufsformular verwenden, das jedoch nicht vorgeschrieben ist.<br \/><br \/>Zur Wahrung der Widerrufsfrist reicht es aus, dass Sie die Mitteilung \u00fcber die Aus\u00fcbung des Widerrufsrechts vor Ablauf der Widerrufsfrist absenden.<br \/><br \/><strong>Folgen des Widerrufs<\/strong><br \/>\u00a0<br \/>Wenn Sie diesen Vertrag widerrufen, haben wir Ihnen alle Zahlungen, die wir von Ihnen erhalten haben, einschlie\u00dflich der Lieferkosten (mit Ausnahme der zus\u00e4tzlichen Kosten, die sich daraus ergeben, dass Sie eine andere Art der Lieferung als die von uns angebotene, g\u00fcnstigste Standardlieferung gew\u00e4hlt haben), unverz\u00fcglich und sp\u00e4testens binnen vierzehn Tagen ab dem Tag zur\u00fcckzuzahlen, an dem die Mitteilung \u00fcber Ihren Widerruf dieses Vertrags bei uns eingegangen ist. F\u00fcr diese R\u00fcckzahlung verwenden wir dasselbe Zahlungsmittel, das Sie bei der urspr\u00fcnglichen Transaktion eingesetzt haben, es sei denn, mit Ihnen wurde ausdr\u00fccklich etwas anderes vereinbart; in keinem Fall werden Ihnen wegen dieser R\u00fcckzahlung Entgelte berechnet.<br \/><br \/>Haben Sie verlangt, dass die Dienstleistungen w\u00e4hrend der Widerrufsfrist beginnen soll, so haben Sie uns einen angemessenen Betrag zu zahlen, der dem Anteil der bis zu dem Zeitpunkt, zu dem Sie uns von der Aus\u00fcbung des Widerrufsrechts hinsichtlich dieses Vertrags unterrichten, bereits erbrachten Dienstleistungen im Vergleich zum Gesamtumfang der im Vertrag vorgesehenen Dienstleistungen entspricht.<br \/><br \/><strong>Ausschluss- bzw. Erl\u00f6schensgr\u00fcnde<\/strong><br \/><br \/>Das Widerrufsrecht besteht nicht bei Vertr\u00e4gen zur Erbringung von Dienstleistungen im Zusammenhang mit Freizeitbet\u00e4tigungen, wenn der Vertrag f\u00fcr die Erbringung einen spezifischen Termin oder Zeitraum vorsieht.<br \/><br \/>Das Widerrufsrecht erlischt bei einem Vertrag zur Erbringung von Dienstleistungen, wenn der Unternehmer die Dienstleistung vollst\u00e4ndig erbracht hat und mit der Ausf\u00fchrung der Dienstleistung erst begonnen hat, nachdem der Verbraucher dazu seine ausdr\u00fcckliche Zustimmung gegeben hat und gleichzeitig seine Kenntnis davon best\u00e4tigt hat, dass er sein Widerrufsrecht bei vollst\u00e4ndiger Vertragserf\u00fcllung durch den Unternehmer verliert.<br \/><br \/><\/p><hr class=\"wp-block-separator has-css-opacity\" \/><p><br \/><strong>Muster-Widerrufsformular<\/strong><br \/><br \/>(Wenn Sie den Vertrag widerrufen wollen, dann f\u00fcllen Sie bitte dieses Formular aus und senden Sie es zur\u00fcck.)<br \/><br \/>\u2013 An MEB Internet GmbH &amp; Co. KG, Bornheimer Str. 20-22, 53111 Bonn, E-Mail-Adresse: info@iphonedisplayshop.de:<br \/><br \/>\u2013 Hiermit widerrufe(n) ich\/ wir (*) den von mir\/ uns (*) abgeschlossenen Vertrag \u00fcber den Kauf der folgenden Waren (*)\/<br \/>\u00a0 die Erbringung der folgenden Dienstleistung (*)<br \/><br \/>\u2013 Bestellt am (*)\/ erhalten am (*)<br \/><br \/>\u2013 Name des\/ der Verbraucher(s)<br \/>\u2013 Anschrift des\/ der Verbraucher(s)<br \/>\u2013 Unterschrift des\/ der Verbraucher(s) (nur bei Mitteilung auf Papier)<br \/>\u2013 Datum<br \/><br \/>(*) Unzutreffendes streichen.<\/p>\n\t\t\t\t\t<\/div>\n\t\t\t\t\t\t<\/div>\n\t\t\t\t<\/div>\n\t\t\t\t\t<\/div>\n\t\t\t\t<\/div>\n\t\t\t\t<\/div>\n\t\t","protected":false},"excerpt":{"rendered":"<p>(Verbraucher ist jede nat\u00fcrliche Person, die ein Rechtsgesch\u00e4ft zu Zwecken abschlie\u00dft, die \u00fcberwiegend weder ihrer gewerblichen noch ihrer selbstst\u00e4ndigen beruflichen<\/p>\n","protected":false},"author":2,"featured_media":0,"parent":0,"menu_order":0,"comment_status":"closed","ping_status":"closed","template":"","meta":{"_acf_changed":false,"_kad_blocks_custom_css":"","_kad_blocks_head_custom_js":"","_kad_blocks_body_custom_js":"","_kad_blocks_footer_custom_js":"","footnotes":""},"class_list":["post-20948","page","type-page","status-publish","hentry"],"acf":[],"featured_image_src_large":false,"author_info":{"display_name":"Florian Schmitz","author_link":"https:\/\/www.iphonedisplayshop.de\/blog\/author\/admin_meb\/"},"comment_info":0,"taxonomy_info":[],"_links":{"self":[{"href":"https:\/\/www.iphonedisplayshop.de\/blog\/wp-json\/wp\/v2\/pages\/20948","targetHints":{"allow":["GET"]}}],"collection":[{"href":"https:\/\/www.iphonedisplayshop.de\/blog\/wp-json\/wp\/v2\/pages"}],"about":[{"href":"https:\/\/www.iphonedisplayshop.de\/blog\/wp-json\/wp\/v2\/types\/page"}],"author":[{"embeddable":true,"href":"https:\/\/www.iphonedisplayshop.de\/blog\/wp-json\/wp\/v2\/users\/2"}],"replies":[{"embeddable":true,"href":"https:\/\/www.iphonedisplayshop.de\/blog\/wp-json\/wp\/v2\/comments?post=20948"}],"version-history":[{"count":15,"href":"https:\/\/www.iphonedisplayshop.de\/blog\/wp-json\/wp\/v2\/pages\/20948\/revisions"}],"predecessor-version":[{"id":22945,"href":"https:\/\/www.iphonedisplayshop.de\/blog\/wp-json\/wp\/v2\/pages\/20948\/revisions\/22945"}],"wp:attachment":[{"href":"https:\/\/www.iphonedisplayshop.de\/blog\/wp-json\/wp\/v2\/media?parent=20948"}],"curies":[{"name":"wp","href":"https:\/\/api.w.org\/{rel}","templated":true}]}}